{"id":2,"date":"2022-11-01T16:30:10","date_gmt":"2022-11-01T15:30:10","guid":{"rendered":"https:\/\/www.srpskbely.cz\/?page_id=2"},"modified":"2023-10-03T20:56:17","modified_gmt":"2023-10-03T18:56:17","slug":"zkusebni-stranka","status":"publish","type":"page","link":"https:\/\/www.srpskbely.cz\/","title":{"rendered":"O n\u00e1s"},"content":{"rendered":"\n<p class=\"has-text-align-center has-black-color has-text-color\">Na\u0161e spolupr\u00e1ce se \u0161kolou vych\u00e1z\u00ed z oboustrann\u00e9ho p\u0159esv\u011bd\u010den\u00ed, \u017ee rodi\u010de maj\u00ed \u0161kole co nab\u00eddnout. Nejen sponzorsk\u00e9 dary, ale i dobrovolnickou v\u00fdpomoc, informace, zku\u0161enosti, kontakty, n\u00e1pady a p\u0159edev\u0161\u00edm projekty propojuj\u00edc\u00ed u\u010ditele, d\u011bti a rodi\u010de.\u00a0<\/p>\n\n\n\n<p class=\"has-text-align-center has-medium-font-size\"><strong><a href=\"https:\/\/www.srpskbely.cz\/wp-content\/uploads\/2023\/10\/Predstaveni-SRPS.pdf\" data-type=\"URL\" data-id=\"https:\/\/www.srpskbely.cz\/wp-content\/uploads\/2023\/10\/Predstaveni-SRPS.pdf\">O N\u00c1S<\/a><\/strong> <\/p>\n\n\n\n<p><\/p>\n\n\n\n<p class=\"has-text-align-center has-black-color has-text-color\"><strong>L\u00edb\u00ed se n\u00e1m posouvat v\u011bci kup\u0159edu, p\u0159iv\u00e1d\u011bt n\u00e1pady k \u017eivotu a vz\u00e1jemn\u011b se obohacovat.<\/strong><br><strong><a href=\"https:\/\/www.srpskbely.cz\/wp-content\/uploads\/2022\/11\/Vize-a-hodnoty.pdf\">Na\u0161e vize a hodnoty<\/a><\/strong><\/p>\n\n\n<div class=\"wp-block-image\">\n<figure class=\"aligncenter size-large is-resized\"><img decoding=\"async\" loading=\"lazy\" src=\"https:\/\/www.srpskbely.cz\/wp-content\/uploads\/2022\/11\/SRPS_logo.jpg\" alt=\"\" width=\"221\" height=\"217\"\/><\/figure><\/div>","protected":false},"excerpt":{"rendered":"<p>Na\u0161e spolupr\u00e1ce se \u0161kolou vych\u00e1z\u00ed z oboustrann\u00e9ho p\u0159esv\u011bd\u010den\u00ed, \u017ee rodi\u010de maj\u00ed \u0161kole co nab\u00eddnout. Nejen sponzorsk\u00e9 dary, ale i dobrovolnickou v\u00fdpomoc, informace, zku\u0161enosti, kontakty, n\u00e1pady a p\u0159edev\u0161\u00edm projekty propojuj\u00edc\u00ed u\u010ditele, d\u011bti a rodi\u010de.\u00a0 O N\u00c1S L\u00edb\u00ed se n\u00e1m posouvat v\u011bci kup\u0159edu, p\u0159iv\u00e1d\u011bt n\u00e1pady k \u017eivotu a vz\u00e1jemn\u011b se obohacovat.Na\u0161e vize a hodnoty<\/p>\n","protected":false},"author":1,"featured_media":0,"parent":0,"menu_order":0,"comment_status":"closed","ping_status":"open","template":"","meta":[],"_links":{"self":[{"href":"https:\/\/www.srpskbely.cz\/index.php?rest_route=\/wp\/v2\/pages\/2"}],"collection":[{"href":"https:\/\/www.srpskbely.cz\/index.php?rest_route=\/wp\/v2\/pages"}],"about":[{"href":"https:\/\/www.srpskbely.cz\/index.php?rest_route=\/wp\/v2\/types\/page"}],"author":[{"embeddable":true,"href":"https:\/\/www.srpskbely.cz\/index.php?rest_route=\/wp\/v2\/users\/1"}],"replies":[{"embeddable":true,"href":"https:\/\/www.srpskbely.cz\/index.php?rest_route=%2Fwp%2Fv2%2Fcomments&post=2"}],"version-history":[{"count":5,"href":"https:\/\/www.srpskbely.cz\/index.php?rest_route=\/wp\/v2\/pages\/2\/revisions"}],"predecessor-version":[{"id":500,"href":"https:\/\/www.srpskbely.cz\/index.php?rest_route=\/wp\/v2\/pages\/2\/revisions\/500"}],"wp:attachment":[{"href":"https:\/\/www.srpskbely.cz\/index.php?rest_route=%2Fwp%2Fv2%2Fmedia&parent=2"}],"curies":[{"name":"wp","href":"https:\/\/api.w.org\/{rel}","templated":true}]}}