{"id":73,"date":"2022-11-01T20:31:24","date_gmt":"2022-11-01T19:31:24","guid":{"rendered":"https:\/\/d.r3.wbsprt.com\/srpskbely.cz\/?page_id=73"},"modified":"2025-10-17T12:37:49","modified_gmt":"2025-10-17T10:37:49","slug":"dokumenty","status":"publish","type":"page","link":"https:\/\/www.srpskbely.cz\/?page_id=73","title":{"rendered":"Dokumenty"},"content":{"rendered":"\n<p class=\"has-medium-font-size\"><strong>Chcete se st\u00e1t \u010dlenem SRP\u0160?<\/strong><\/p>\n\n\n\n<p class=\"has-vivid-red-color has-text-color\"><br>Sta\u010d\u00ed vyplnit <strong><a href=\"https:\/\/www.srpskbely.cz\/wp-content\/uploads\/2022\/11\/Prihlaska-SRPS.pdf\">p\u0159ihl\u00e1\u0161ku<\/a><\/strong> a poslat ji na e-mail Spolku. V\u00edtejte!<\/p>\n\n\n\n<p><strong><a href=\"https:\/\/1drv.ms\/b\/s!AlmaVMGWjKZI5zt-JQlFqhsq6E6Y?e=aP63fy\">Odpov\u011bdi<\/a><\/strong> <strong>na \u010dasto kladen\u00e9 dotazy.<\/strong><\/p>\n\n\n\n<p class=\"has-medium-font-size\"><br><strong><a href=\"https:\/\/www.srpskbely.cz\/wp-content\/uploads\/2025\/01\/Stanovy-SRPS_od-2025.pdf\">Stanovy<\/a> SRP\u0160<\/strong><\/p>\n\n\n\n<div class=\"is-layout-flow wp-block-group\"><div class=\"wp-block-group__inner-container\">\n<div class=\"is-layout-flow wp-block-group\"><div class=\"wp-block-group__inner-container\">\n<div class=\"is-layout-flow wp-block-group\"><div class=\"wp-block-group__inner-container\">\n<div class=\"is-nowrap is-layout-flex wp-container-4 wp-block-group\">\n<div class=\"is-layout-flow wp-block-group\"><div class=\"wp-block-group__inner-container\">\n<p class=\"has-black-color has-text-color\"><strong>Z\u00e1pisy ze sch\u016fz\u00ed SRP\u0160<\/strong><\/p>\n\n\n\n<p><a href=\"https:\/\/www.srpskbely.cz\/wp-content\/uploads\/2025\/10\/Zapis_25_clenska_schuze_SRPS.pdf\">25. sch\u016fze<\/a><\/p>\n\n\n\n<p><a href=\"https:\/\/www.srpskbely.cz\/wp-content\/uploads\/2025\/07\/Zapis_24_clenska_schuze_SRPS_20250603.pdf\" data-type=\"URL\">24. sch\u016fze<\/a><\/p>\n\n\n\n<p><a href=\"https:\/\/www.srpskbely.cz\/wp-content\/uploads\/2025\/02\/Zapis_23_clenska_schuze_SRPS_20250402_REV01.pdf\" data-type=\"page\" data-id=\"73\">23. sch\u016fze<\/a><\/p>\n\n\n\n<p><a href=\"https:\/\/www.srpskbely.cz\/wp-content\/uploads\/2025\/01\/Zapis_22_schuze_SRPS_volebni_20241126.pdf\" data-type=\"page\" data-id=\"73\">22. sch\u016fze<\/a><\/p>\n\n\n\n<p><a href=\"https:\/\/www.srpskbely.cz\/wp-content\/uploads\/2024\/10\/Zapis_21_schuze_SRPS_verejna_20241010.pdf\">21. sch\u016fze<\/a><\/p>\n\n\n\n<p><a href=\"https:\/\/www.srpskbely.cz\/wp-content\/uploads\/2024\/01\/Zapis_20-clenska-schuze_24012024.pdf\">20. sch\u016fze<\/a><\/p>\n\n\n\n<p><a href=\"https:\/\/www.srpskbely.cz\/wp-content\/uploads\/2024\/01\/Zapis_19_schuze_verejna_SRPS_20230510.pdf\">19. sch\u016fze<\/a><\/p>\n\n\n\n<p><a href=\"https:\/\/www.srpskbely.cz\/wp-content\/uploads\/2024\/03\/Zapis_18_clenska-schuze_SRPS_20230518.pdf\">18. sch\u016fze<\/a><\/p>\n\n\n\n<p><a href=\"https:\/\/www.srpskbely.cz\/wp-content\/uploads\/2023\/03\/Zapis_17_clenska-schuze_SRPS_20230126.pdf\" data-type=\"attachment\" data-id=\"341\">17. sch\u016fze<\/a><\/p>\n\n\n\n<p><a href=\"https:\/\/www.srpskbely.cz\/wp-content\/uploads\/2022\/12\/Zapis_16_clenska-schuze_SRPS_20221129.pdf\">16. sch\u016fze<\/a><\/p>\n\n\n\n<p><a href=\"https:\/\/www.srpskbely.cz\/wp-content\/uploads\/2022\/11\/Zapis_15_schuze_SRPS_verejna_20221013.pdf\">15. sch\u016fze<\/a><\/p>\n\n\n\n<p><a href=\"https:\/\/www.srpskbely.cz\/wp-content\/uploads\/2022\/11\/Zapos_14_clenska-schuze-SRPS_2022_0425.pdf\">14. sch\u016fze<\/a><\/p>\n\n\n\n<p><a href=\"https:\/\/www.srpskbely.cz\/wp-content\/uploads\/2022\/11\/Zapis_13_clenska-schuze_SRPS_20210923.pdf\">13. sch\u016fze<\/a><\/p>\n\n\n\n<p><a href=\"https:\/\/www.srpskbely.cz\/wp-content\/uploads\/2022\/11\/Zapis_12_clenska-schuze_SRPS_20200210.pdf\">12. sch\u016fze<\/a><\/p>\n\n\n\n<p><a href=\"https:\/\/d.r3.wbsprt.com\/srpskbely.cz\/wp-content\/uploads\/2022\/11\/Zapis_11_clenska-schuze_SRPS_20191120.pdf\">11. sch\u016fze<\/a><\/p>\n\n\n\n<p><a href=\"https:\/\/www.srpskbely.cz\/wp-content\/uploads\/2022\/11\/Zapis_10_clenska-schuze_SRPS_20190211.pdf\">10. sch\u016fze<\/a><\/p>\n<\/div><\/div>\n\n\n\n<div class=\"is-layout-flow wp-block-group\"><div class=\"wp-block-group__inner-container\">\n<p class=\"has-black-color has-text-color\"><strong>V\u00fdro\u010dn\u00ed zpr\u00e1vy<\/strong><\/p>\n\n\n\n<p><a href=\"https:\/\/www.srpskbely.cz\/wp-content\/uploads\/2025\/04\/Vyrocni-zprava-Spolku-2024-1.pdf\">rok 2024<\/a> <\/p>\n\n\n\n<p><a href=\"https:\/\/www.srpskbely.cz\/wp-content\/uploads\/2024\/04\/Vyrocni-zprava-Spolku-2023.pdf\">rok 2023<\/a><\/p>\n\n\n\n<p><a href=\"https:\/\/www.srpskbely.cz\/wp-content\/uploads\/2023\/03\/Vyrocni-zprava-Spolku-2021_22-1.pdf\" data-type=\"attachment\" data-id=\"333\">rok 2022<\/a><\/p>\n\n\n\n<p><a href=\"https:\/\/www.srpskbely.cz\/wp-content\/uploads\/2022\/11\/Vyrocni-zprava-Spolku-2020-21.pdf\">rok 2021<\/a><\/p>\n\n\n\n<p><a href=\"https:\/\/d.r3.wbsprt.com\/srpskbely.cz\/wp-content\/uploads\/2022\/11\/Zapos_14_clenska-schuze-SRPS_2022_0425.pdf\"><\/a><a href=\"https:\/\/www.srpskbely.cz\/wp-content\/uploads\/2022\/11\/Vyrocni_zprava_2019-20.pdf\">rok 2020<\/a><\/p>\n\n\n\n<p><a href=\"https:\/\/www.srpskbely.cz\/wp-content\/uploads\/2022\/11\/Vyrocni-zprava-Spolku-2018-19.pdf\" data-type=\"URL\" data-id=\"https:\/\/www.srpskbely.cz\/wp-content\/uploads\/2022\/11\/Vyrocni-zprava-Spolku-2018-19.pdf\">rok 2019<\/a><\/p>\n\n\n\n<p><a href=\"https:\/\/d.r3.wbsprt.com\/srpskbely.cz\/wp-content\/uploads\/2022\/11\/Zapis_12_clenska-schuze_SRPS_20200210.pdf\"><\/a><a href=\"https:\/\/www.srpskbely.cz\/wp-content\/uploads\/2022\/11\/Vyrocni-zprava-Spolku-2017-18.pdf\">rok 2018<\/a><\/p>\n\n\n\n<p><\/p>\n\n\n\n<p><\/p>\n<\/div><\/div>\n\n\n\n<div class=\"is-layout-flow wp-block-group\"><div class=\"wp-block-group__inner-container\">\n<p class=\"has-black-color has-text-color\"><strong>Zpr\u00e1vy kontroln\u00ed komise<\/strong><\/p>\n\n\n\n<p><a href=\"https:\/\/www.srpskbely.cz\/wp-content\/uploads\/2025\/04\/Zprava-kontrolni-komise-za-rok-2024-1.pdf\">rok 2024<\/a><\/p>\n\n\n\n<p><a href=\"https:\/\/www.srpskbely.cz\/wp-content\/uploads\/2024\/04\/Zprava-kontrolni-komise-za-rok-2023.pdf\">rok 2023<\/a><\/p>\n\n\n\n<p><a href=\"https:\/\/www.srpskbely.cz\/wp-content\/uploads\/2023\/03\/Zprava-kontrolni-komise_2022_fin.png\" data-type=\"attachment\" data-id=\"346\">rok 2022<\/a><\/p>\n\n\n\n<p><a href=\"https:\/\/www.srpskbely.cz\/wp-content\/uploads\/2022\/11\/Zprava-kontrolni-komise_2021.pdf\">rok 2021<\/a><\/p>\n\n\n\n<p><a href=\"https:\/\/www.srpskbely.cz\/wp-content\/uploads\/2022\/11\/Zprava-kontrolni-komise_2020.pdf\">rok 2020<\/a><\/p>\n\n\n\n<p><a href=\"https:\/\/d.r3.wbsprt.com\/srpskbely.cz\/wp-content\/uploads\/2022\/11\/Zapis_13_clenska-schuze_SRPS_20210923.pdf\"><\/a><a href=\"https:\/\/www.srpskbely.cz\/wp-content\/uploads\/2022\/11\/Zprava-kontrolni-komise-za-rok-2019.pdf\">rok 2019<\/a><\/p>\n\n\n\n<p><a href=\"https:\/\/www.srpskbely.cz\/wp-content\/uploads\/2022\/11\/Zprava-kontrolni-komise_2018.pdf\">rok 2018<\/a><\/p>\n\n\n\n<p><\/p>\n\n\n\n<p><\/p>\n<\/div><\/div>\n<\/div>\n<\/div><\/div>\n<\/div><\/div>\n<\/div><\/div>\n","protected":false},"excerpt":{"rendered":"<p>Chcete se st\u00e1t \u010dlenem SRP\u0160? Sta\u010d\u00ed vyplnit p\u0159ihl\u00e1\u0161ku a poslat ji na e-mail Spolku. V\u00edtejte! Odpov\u011bdi na \u010dasto kladen\u00e9 dotazy. Stanovy SRP\u0160 Z\u00e1pisy ze sch\u016fz\u00ed SRP\u0160 25. sch\u016fze 24. sch\u016fze 23. sch\u016fze 22. sch\u016fze 21. sch\u016fze 20. sch\u016fze 19. sch\u016fze 18. sch\u016fze 17. sch\u016fze 16. sch\u016fze 15. sch\u016fze 14. sch\u016fze 13. sch\u016fze 12. sch\u016fze 11. [&hellip;]<\/p>\n","protected":false},"author":1,"featured_media":0,"parent":0,"menu_order":0,"comment_status":"closed","ping_status":"closed","template":"","meta":[],"_links":{"self":[{"href":"https:\/\/www.srpskbely.cz\/index.php?rest_route=\/wp\/v2\/pages\/73"}],"collection":[{"href":"https:\/\/www.srpskbely.cz\/index.php?rest_route=\/wp\/v2\/pages"}],"about":[{"href":"https:\/\/www.srpskbely.cz\/index.php?rest_route=\/wp\/v2\/types\/page"}],"author":[{"embeddable":true,"href":"https:\/\/www.srpskbely.cz\/index.php?rest_route=\/wp\/v2\/users\/1"}],"replies":[{"embeddable":true,"href":"https:\/\/www.srpskbely.cz\/index.php?rest_route=%2Fwp%2Fv2%2Fcomments&post=73"}],"version-history":[{"count":6,"href":"https:\/\/www.srpskbely.cz\/index.php?rest_route=\/wp\/v2\/pages\/73\/revisions"}],"predecessor-version":[{"id":850,"href":"https:\/\/www.srpskbely.cz\/index.php?rest_route=\/wp\/v2\/pages\/73\/revisions\/850"}],"wp:attachment":[{"href":"https:\/\/www.srpskbely.cz\/index.php?rest_route=%2Fwp%2Fv2%2Fmedia&parent=73"}],"curies":[{"name":"wp","href":"https:\/\/api.w.org\/{rel}","templated":true}]}}